{"id":761,"date":"2024-05-07T23:12:02","date_gmt":"2024-05-07T21:12:02","guid":{"rendered":"https:\/\/lecloud.tina-conseil.com\/?page_id=761"},"modified":"2024-05-07T23:13:35","modified_gmt":"2024-05-07T21:13:35","slug":"essai-gratuit-tina-training","status":"publish","type":"page","link":"https:\/\/lecloud.tina-conseil.com\/?page_id=761","title":{"rendered":"Essai gratuit TINA Training"},"content":{"rendered":"\t\t<div data-elementor-type=\"wp-page\" data-elementor-id=\"761\" class=\"elementor elementor-761\">\n\t\t\t\t\t\t\t<div class=\"elementor-element elementor-element-0e2bbe0 elementor-hidden-mobile e-flex e-con-boxed e-con e-parent\" data-id=\"0e2bbe0\" data-element_type=\"container\" data-settings=\"{&quot;background_background&quot;:&quot;slideshow&quot;,&quot;background_slideshow_gallery&quot;:[{&quot;id&quot;:418,&quot;url&quot;:&quot;https:\\\/\\\/lecloud.tina-conseil.com\\\/wp-content\\\/uploads\\\/2024\\\/04\\\/website-hosting-concept-with-bright-light-scaled.jpg&quot;}],&quot;content_width&quot;:&quot;boxed&quot;,&quot;background_slideshow_loop&quot;:&quot;yes&quot;,&quot;background_slideshow_slide_duration&quot;:5000,&quot;background_slideshow_slide_transition&quot;:&quot;fade&quot;,&quot;background_slideshow_transition_duration&quot;:500}\" data-core-v316-plus=\"true\">\n\t\t\t\t\t<div class=\"e-con-inner\">\n\t\t\t\t\t<\/div>\n\t\t\t\t<\/div>\n\t\t<div class=\"elementor-element elementor-element-023024b e-flex e-con-boxed e-con e-parent\" data-id=\"023024b\" data-element_type=\"container\" data-settings=\"{&quot;content_width&quot;:&quot;boxed&quot;}\" data-core-v316-plus=\"true\">\n\t\t\t\t\t<div class=\"e-con-inner\">\n\t\t<div class=\"elementor-element elementor-element-9bc8f47 e-con-full e-flex e-con e-child\" data-id=\"9bc8f47\" data-element_type=\"container\" data-settings=\"{&quot;content_width&quot;:&quot;full&quot;}\">\n\t\t\t\t<div class=\"elementor-element elementor-element-223a020 elementor-widget elementor-widget-heading\" data-id=\"223a020\" data-element_type=\"widget\" data-widget_type=\"heading.default\">\n\t\t\t\t<div class=\"elementor-widget-container\">\n\t\t\t<style>\/*! elementor - v3.16.0 - 20-09-2023 *\/\n.elementor-heading-title{padding:0;margin:0;line-height:1}.elementor-widget-heading .elementor-heading-title[class*=elementor-size-]>a{color:inherit;font-size:inherit;line-height:inherit}.elementor-widget-heading .elementor-heading-title.elementor-size-small{font-size:15px}.elementor-widget-heading .elementor-heading-title.elementor-size-medium{font-size:19px}.elementor-widget-heading .elementor-heading-title.elementor-size-large{font-size:29px}.elementor-widget-heading .elementor-heading-title.elementor-size-xl{font-size:39px}.elementor-widget-heading .elementor-heading-title.elementor-size-xxl{font-size:59px}<\/style><h2 class=\"elementor-heading-title elementor-size-default\">Tester TINA Training gratuitement<\/h2>\t\t<\/div>\n\t\t\t\t<\/div>\n\t\t\t\t<div class=\"elementor-element elementor-element-f846b27 elementor-widget elementor-widget-text-editor\" data-id=\"f846b27\" data-element_type=\"widget\" data-widget_type=\"text-editor.default\">\n\t\t\t\t<div class=\"elementor-widget-container\">\n\t\t\t<style>\/*! elementor - v3.16.0 - 20-09-2023 *\/\n.elementor-widget-text-editor.elementor-drop-cap-view-stacked .elementor-drop-cap{background-color:#69727d;color:#fff}.elementor-widget-text-editor.elementor-drop-cap-view-framed .elementor-drop-cap{color:#69727d;border:3px solid;background-color:transparent}.elementor-widget-text-editor:not(.elementor-drop-cap-view-default) .elementor-drop-cap{margin-top:8px}.elementor-widget-text-editor:not(.elementor-drop-cap-view-default) .elementor-drop-cap-letter{width:1em;height:1em}.elementor-widget-text-editor .elementor-drop-cap{float:left;text-align:center;line-height:1;font-size:50px}.elementor-widget-text-editor .elementor-drop-cap-letter{display:inline-block}<\/style>\t\t\t\t<p>Remplissez le formulaire ci-dessous pour que notre service commercial ou notre support r\u00e9ponde \u00e0 vos besoins.<\/p>\t\t\t\t\t\t<\/div>\n\t\t\t\t<\/div>\n\t\t\t\t<\/div>\n\t\t<div class=\"elementor-element elementor-element-495073a e-con-full e-flex e-con e-child\" data-id=\"495073a\" data-element_type=\"container\" data-settings=\"{&quot;content_width&quot;:&quot;full&quot;}\">\n\t\t\t\t<div class=\"elementor-element elementor-element-9ff5d5a elementor-widget elementor-widget-image\" data-id=\"9ff5d5a\" data-element_type=\"widget\" data-widget_type=\"image.default\">\n\t\t\t\t<div class=\"elementor-widget-container\">\n\t\t\t<style>\/*! elementor - v3.16.0 - 20-09-2023 *\/\n.elementor-widget-image{text-align:center}.elementor-widget-image a{display:inline-block}.elementor-widget-image a img[src$=\".svg\"]{width:48px}.elementor-widget-image img{vertical-align:middle;display:inline-block}<\/style>\t\t\t\t\t\t\t\t\t\t\t\t<img loading=\"lazy\" decoding=\"async\" width=\"1024\" height=\"1024\" src=\"https:\/\/lecloud.tina-conseil.com\/wp-content\/uploads\/2024\/04\/2895919-1024x1024.jpg\" class=\"attachment-large size-large wp-image-420\" alt=\"\" srcset=\"https:\/\/lecloud.tina-conseil.com\/wp-content\/uploads\/2024\/04\/2895919-1024x1024.jpg 1024w, https:\/\/lecloud.tina-conseil.com\/wp-content\/uploads\/2024\/04\/2895919-300x300.jpg 300w, https:\/\/lecloud.tina-conseil.com\/wp-content\/uploads\/2024\/04\/2895919-150x150.jpg 150w, https:\/\/lecloud.tina-conseil.com\/wp-content\/uploads\/2024\/04\/2895919-768x768.jpg 768w, https:\/\/lecloud.tina-conseil.com\/wp-content\/uploads\/2024\/04\/2895919-1536x1536.jpg 1536w, https:\/\/lecloud.tina-conseil.com\/wp-content\/uploads\/2024\/04\/2895919-600x600.jpg 600w, https:\/\/lecloud.tina-conseil.com\/wp-content\/uploads\/2024\/04\/2895919.jpg 2000w\" sizes=\"auto, (max-width: 1024px) 100vw, 1024px\" \/>\t\t\t\t\t\t\t\t\t\t\t\t\t\t\t<\/div>\n\t\t\t\t<\/div>\n\t\t\t\t<\/div>\n\t\t\t\t\t<\/div>\n\t\t\t\t<\/div>\n\t\t<div class=\"elementor-element elementor-element-e5f1c03 e-flex e-con-boxed e-con e-parent\" data-id=\"e5f1c03\" data-element_type=\"container\" data-settings=\"{&quot;content_width&quot;:&quot;boxed&quot;}\" data-core-v316-plus=\"true\">\n\t\t\t\t\t<div class=\"e-con-inner\">\n\t\t<div class=\"elementor-element elementor-element-a86b9e9 e-con-full e-flex e-con e-child\" data-id=\"a86b9e9\" data-element_type=\"container\" data-settings=\"{&quot;content_width&quot;:&quot;full&quot;}\">\n\t\t\t\t<div class=\"elementor-element elementor-element-4fb6d13 elementor-widget elementor-widget-html\" data-id=\"4fb6d13\" data-element_type=\"widget\" data-widget_type=\"html.default\">\n\t\t\t\t<div class=\"elementor-widget-container\">\n\t\t\t<div class=\"forminator-ui forminator-custom-form forminator-custom-form-763 forminator-design--material forminator-enclosed forminator_ajax\" data-forminator-render=\"0\" data-form=\"forminator-module-763\" data-uid=\"69f49bd3623d4\"><br\/><\/div><form\n\t\t\t\tid=\"forminator-module-763\"\n\t\t\t\tclass=\"forminator-ui forminator-custom-form forminator-custom-form-763 forminator-design--material forminator-enclosed forminator_ajax\"\n\t\t\t\tmethod=\"post\"\n\t\t\t\tdata-forminator-render=\"0\"\n\t\t\t\tdata-form-id=\"763\"\n\t\t\t\t\n\t\t\t\tdata-design=\"material\"\n\t\t\t\t\n\t\t\t\t\n\t\t\t\t\n\t\t\t\tdata-grid=\"enclosed\"\n\t\t\t\t\n\t\t\t\t\n\t\t\t\tstyle=\"display: none;\"\n\t\t\t\t\n\t\t\t\tdata-uid=\"69f49bd3623d4\"\n\t\t\t><div role=\"alert\" aria-live=\"polite\" class=\"forminator-response-message forminator-error\" aria-hidden=\"true\"><\/div><div class=\"forminator-row\"><div id=\"select-1\" class=\"forminator-field-select forminator-col forminator-col-12 \"><div class=\"forminator-field\"><label for=\"forminator-form-763__field--select-1_69f49bd3623d4\" id=\"forminator-form-763__field--select-1_69f49bd3623d4-label\" class=\"forminator-label\">Vous souhaitez \u00eatre mis en relation avec : <span class=\"forminator-required\">*<\/span><\/label><select id=\"forminator-form-763__field--select-1_69f49bd3623d4\" class=\"forminator-select--field forminator-select2\" data-required=\"1\" name=\"select-1\" data-default-value=\"\" data-hidden-behavior=\"zero\" data-placeholder=\"Vous souhaitez \u00eatre mis en relation avec\" data-search=\"false\" aria-labelledby=\"forminator-form-763__field--select-1_69f49bd3623d4-label\" aria-describedby=\"forminator-form-763__field--select-1_69f49bd3623d4-description\"><option value=\"\">Vous souhaitez \u00eatre mis en relation avec<\/option><option value=\"one\"  data-calculation=\"0\">service commercial<\/option><option value=\"two\"  data-calculation=\"0\">support technique<\/option><\/select><\/div><\/div><\/div><div class=\"forminator-row\"><div id=\"select-2\" class=\"forminator-field-select forminator-col forminator-col-12 \"><div class=\"forminator-field\"><label for=\"forminator-form-763__field--select-2_69f49bd3623d4\" id=\"forminator-form-763__field--select-2_69f49bd3623d4-label\" class=\"forminator-label\">Laquelle de nos solutions vous int\u00e9resse : <span class=\"forminator-required\">*<\/span><\/label><select id=\"forminator-form-763__field--select-2_69f49bd3623d4\" class=\"forminator-select--field forminator-select2\" data-required=\"1\" name=\"select-2\" data-default-value=\"\" data-hidden-behavior=\"zero\" data-placeholder=\"Laquelle de nos solutions vous int\u00e9resse\" data-search=\"false\" aria-labelledby=\"forminator-form-763__field--select-2_69f49bd3623d4-label\" aria-describedby=\"forminator-form-763__field--select-2_69f49bd3623d4-description\"><option value=\"\">Laquelle de nos solutions vous int\u00e9resse<\/option><option value=\"one\"  data-calculation=\"0\">la Bulle TINA pour les ind\u00e9pendants, TPE ou startups<\/option><option value=\"two\"  data-calculation=\"0\">le Cloud priv\u00e9 pour les PME<\/option><option value=\"PC-virtuels\"  data-calculation=\"0\">PC virtuels<\/option><\/select><\/div><\/div><\/div><div class=\"forminator-row\"><div id=\"text-1\" class=\"forminator-field-text forminator-col forminator-col-12 \"><div class=\"forminator-field\"><label for=\"forminator-field-text-1_69f49bd3623d4\" id=\"forminator-field-text-1_69f49bd3623d4-label\" class=\"forminator-label\">Entreprise <span class=\"forminator-required\">*<\/span><\/label><input type=\"text\" name=\"text-1\" value=\"\" placeholder=\"\" id=\"forminator-field-text-1_69f49bd3623d4\" class=\"forminator-input forminator-name--field\" data-required=\"1\" \/><\/div><\/div><\/div><div class=\"forminator-row\"><div id=\"text-2\" class=\"forminator-field-text forminator-col forminator-col-12 \"><div class=\"forminator-field\"><label for=\"forminator-field-text-2_69f49bd3623d4\" id=\"forminator-field-text-2_69f49bd3623d4-label\" class=\"forminator-label\">Effectif <span class=\"forminator-required\">*<\/span><\/label><input type=\"text\" name=\"text-2\" value=\"\" placeholder=\"\" id=\"forminator-field-text-2_69f49bd3623d4\" class=\"forminator-input forminator-name--field\" data-required=\"1\" \/><\/div><\/div><\/div><div class=\"forminator-row\"><div id=\"name-1\" class=\"forminator-field-name forminator-col forminator-col-12 \"><div class=\"forminator-field\"><label for=\"forminator-field-name-1_69f49bd3623d4\" id=\"forminator-field-name-1_69f49bd3623d4-label\" class=\"forminator-label\">Pr\u00e9nom <span class=\"forminator-required\">*<\/span><\/label><input type=\"text\" name=\"name-1\" value=\"\" placeholder=\"Par exemple\u00a0: Jean\" id=\"forminator-field-name-1_69f49bd3623d4\" class=\"forminator-input forminator-name--field\" aria-required=\"true\" \/><\/div><\/div><\/div><div class=\"forminator-row\"><div id=\"name-2\" class=\"forminator-field-name forminator-col forminator-col-12 \"><div class=\"forminator-field\"><label for=\"forminator-field-name-2_69f49bd3623d4\" id=\"forminator-field-name-2_69f49bd3623d4-label\" class=\"forminator-label\">Nom <span class=\"forminator-required\">*<\/span><\/label><input type=\"text\" name=\"name-2\" value=\"\" placeholder=\"Par exemple\u00a0: Dupont\" id=\"forminator-field-name-2_69f49bd3623d4\" class=\"forminator-input forminator-name--field\" aria-required=\"true\" \/><\/div><\/div><\/div><div class=\"forminator-row\"><div id=\"text-3\" class=\"forminator-field-text forminator-col forminator-col-12 \"><div class=\"forminator-field\"><label for=\"forminator-field-text-3_69f49bd3623d4\" id=\"forminator-field-text-3_69f49bd3623d4-label\" class=\"forminator-label\">Fonction dans l&#039;entreprise <span class=\"forminator-required\">*<\/span><\/label><input type=\"text\" name=\"text-3\" value=\"\" placeholder=\"\" id=\"forminator-field-text-3_69f49bd3623d4\" class=\"forminator-input forminator-name--field\" data-required=\"1\" \/><\/div><\/div><\/div><div class=\"forminator-row\"><div id=\"email-1\" class=\"forminator-field-email forminator-col forminator-col-12 \"><div class=\"forminator-field\"><label for=\"forminator-field-email-1_69f49bd3623d4\" id=\"forminator-field-email-1_69f49bd3623d4-label\" class=\"forminator-label\">Adresse de messagerie <span class=\"forminator-required\">*<\/span><\/label><input type=\"email\" name=\"email-1\" value=\"\" placeholder=\"Par exemple\u00a0: jacques@martin.com\" id=\"forminator-field-email-1_69f49bd3623d4\" class=\"forminator-input forminator-email--field\" data-required=\"true\" aria-required=\"true\" \/><\/div><\/div><\/div><div class=\"forminator-row\"><div id=\"phone-1\" class=\"forminator-field-phone forminator-col forminator-col-12 \"><div class=\"forminator-field\"><label for=\"forminator-field-phone-1_69f49bd3623d4\" id=\"forminator-field-phone-1_69f49bd3623d4-label\" class=\"forminator-label\">Num\u00e9ro de t\u00e9l\u00e9phone<\/label><input type=\"text\" name=\"phone-1\" value=\"\" placeholder=\"Par exemple\u00a0: +1 02 03 04 05\" id=\"forminator-field-phone-1_69f49bd3623d4\" class=\"forminator-input forminator-field--phone\" data-required=\"\" aria-required=\"false\" autocomplete=\"off\" \/><\/div><\/div><\/div><div class=\"forminator-row\"><div id=\"textarea-1\" class=\"forminator-field-textarea forminator-col forminator-col-12 \"><div class=\"forminator-field\"><label for=\"forminator-field-textarea-1_69f49bd3623d4\" id=\"forminator-field-textarea-1_69f49bd3623d4-label\" class=\"forminator-label\">Informations compl\u00e9mentaires<\/label><textarea name=\"textarea-1\" placeholder=\"Saisissez votre message\u2026\" id=\"forminator-field-textarea-1_69f49bd3623d4\" class=\"forminator-textarea\" rows=\"6\" style=\"min-height:140px;\" maxlength=\"180\" ><\/textarea><span id=\"forminator-field-textarea-1_69f49bd3623d4-description\" class=\"forminator-description\"><span data-limit=\"180\" data-type=\"characters\">0 \/ 180<\/span><\/span><\/div><\/div><\/div><input type=\"hidden\" name=\"referer_url\" value=\"\" \/><div class=\"forminator-row forminator-row-last\"><div class=\"forminator-col\"><div class=\"forminator-field\"><button class=\"forminator-button forminator-button-submit\"><span>Envoyer le message<\/span><span aria-hidden=\"true\"><\/span><\/button><\/div><\/div><\/div><input type=\"hidden\" id=\"forminator_nonce\" name=\"forminator_nonce\" value=\"46b9fa83e9\" \/><input type=\"hidden\" name=\"_wp_http_referer\" value=\"\/index.php?rest_route=%2Fwp%2Fv2%2Fpages%2F761\" \/><input type=\"hidden\" name=\"form_id\" value=\"763\"><input type=\"hidden\" name=\"page_id\" value=\"761\"><input type=\"hidden\" name=\"form_type\" value=\"default\"><input type=\"hidden\" name=\"current_url\" value=\"https:\/\/lecloud.tina-conseil.com\/?page_id=761\"><input type=\"hidden\" name=\"render_id\" value=\"0\"><input type=\"hidden\" name=\"action\" value=\"forminator_submit_form_custom-forms\"><\/form>\t\t<\/div>\n\t\t\t\t<\/div>\n\t\t\t\t<div class=\"elementor-element elementor-element-82ea691 elementor-widget elementor-widget-text-editor\" data-id=\"82ea691\" data-element_type=\"widget\" data-widget_type=\"text-editor.default\">\n\t\t\t\t<div class=\"elementor-widget-container\">\n\t\t\t\t\t\t\t<p>Les donn\u00e9es recueillies via ce formulaire sont trait\u00e9es par TINA afin de r\u00e9pondre \u00e0 votre demande. <a href=\"https:\/\/tina-conseil.com\/politique-de-confidentialite\/\" target=\"_blank\" rel=\"noopener\">En savoir plus<\/a><\/p>\t\t\t\t\t\t<\/div>\n\t\t\t\t<\/div>\n\t\t\t\t<\/div>\n\t\t<div class=\"elementor-element elementor-element-038e0e9 e-con-full e-flex e-con e-child\" data-id=\"038e0e9\" data-element_type=\"container\" data-settings=\"{&quot;content_width&quot;:&quot;full&quot;}\">\n\t\t\t\t<div class=\"elementor-element elementor-element-45599cb elementor-view-default elementor-position-top elementor-mobile-position-top elementor-widget elementor-widget-icon-box\" data-id=\"45599cb\" data-element_type=\"widget\" data-widget_type=\"icon-box.default\">\n\t\t\t\t<div class=\"elementor-widget-container\">\n\t\t\t<link rel=\"stylesheet\" href=\"https:\/\/lecloud.tina-conseil.com\/wp-content\/plugins\/elementor\/assets\/css\/widget-icon-box.min.css\">\t\t<div class=\"elementor-icon-box-wrapper\">\n\t\t\t\t\t\t<div class=\"elementor-icon-box-icon\">\n\t\t\t\t<span  class=\"elementor-icon elementor-animation-\">\n\t\t\t\t<i aria-hidden=\"true\" class=\"fas fa-envelope-open-text\"><\/i>\t\t\t\t<\/span>\n\t\t\t<\/div>\n\t\t\t\t\t\t<div class=\"elementor-icon-box-content\">\n\t\t\t\t<h3 class=\"elementor-icon-box-title\">\n\t\t\t\t\t<span  >\n\t\t\t\t\t\tContacter le support\t\t\t\t\t<\/span>\n\t\t\t\t<\/h3>\n\t\t\t\t\t\t\t\t\t<p class=\"elementor-icon-box-description\">\n\t\t\t\t\t\tPour toute question relative au service client ou \u00e0 l'assistance produit, veuillez nous contacter :\n\ncontact@tina-conseil.com\t\t\t\t\t<\/p>\n\t\t\t\t\t\t\t<\/div>\n\t\t<\/div>\n\t\t\t\t<\/div>\n\t\t\t\t<\/div>\n\t\t\t\t<\/div>\n\t\t\t\t\t<\/div>\n\t\t\t\t<\/div>\n\t\t\t\t\t\t\t<\/div>\n\t\t","protected":false},"excerpt":{"rendered":"<p>Tester TINA Training gratuitement Remplissez le formulaire ci-dessous pour que notre service commercial ou notre support r\u00e9ponde \u00e0 vos besoins. Les donn\u00e9es recueillies via ce formulaire sont trait\u00e9es par TINA afin de r\u00e9pondre \u00e0 votre demande. En savoir plus Contacter le support Pour toute question relative au service client ou \u00e0 l&rsquo;assistance produit, veuillez nous [&hellip;]<\/p>\n","protected":false},"author":2,"featured_media":0,"parent":0,"menu_order":0,"comment_status":"closed","ping_status":"closed","template":"elementor_header_footer","meta":{"footnotes":""},"class_list":["post-761","page","type-page","status-publish","hentry","entry"],"yoast_head":"<!-- This site is optimized with the Yoast SEO plugin v21.3 - https:\/\/yoast.com\/wordpress\/plugins\/seo\/ -->\n<title>Essai gratuit TINA Training - TINA Cloud<\/title>\n<meta name=\"robots\" content=\"index, follow, max-snippet:-1, max-image-preview:large, max-video-preview:-1\" \/>\n<link rel=\"canonical\" href=\"https:\/\/lecloud.tina-conseil.com\/?page_id=761\" \/>\n<meta property=\"og:locale\" content=\"fr_FR\" \/>\n<meta property=\"og:type\" content=\"article\" \/>\n<meta property=\"og:title\" content=\"Essai gratuit TINA Training - TINA Cloud\" \/>\n<meta property=\"og:description\" content=\"Tester TINA Training gratuitement Remplissez le formulaire ci-dessous pour que notre service commercial ou notre support r\u00e9ponde \u00e0 vos besoins. Les donn\u00e9es recueillies via ce formulaire sont trait\u00e9es par TINA afin de r\u00e9pondre \u00e0 votre demande. En savoir plus Contacter le support Pour toute question relative au service client ou \u00e0 l&rsquo;assistance produit, veuillez nous [&hellip;]\" \/>\n<meta property=\"og:url\" content=\"https:\/\/lecloud.tina-conseil.com\/?page_id=761\" \/>\n<meta property=\"og:site_name\" content=\"TINA Cloud\" \/>\n<meta property=\"article:modified_time\" content=\"2024-05-07T21:13:35+00:00\" \/>\n<meta property=\"og:image\" content=\"https:\/\/lecloud.tina-conseil.com\/wp-content\/uploads\/2024\/04\/2895919-1024x1024.jpg\" \/>\n<meta name=\"twitter:card\" content=\"summary_large_image\" \/>\n<meta name=\"twitter:label1\" content=\"Dur\u00e9e de lecture estim\u00e9e\" \/>\n\t<meta name=\"twitter:data1\" content=\"1 minute\" \/>\n<script type=\"application\/ld+json\" class=\"yoast-schema-graph\">{\"@context\":\"https:\/\/schema.org\",\"@graph\":[{\"@type\":\"WebPage\",\"@id\":\"https:\/\/lecloud.tina-conseil.com\/?page_id=761\",\"url\":\"https:\/\/lecloud.tina-conseil.com\/?page_id=761\",\"name\":\"Essai gratuit TINA Training - TINA Cloud\",\"isPartOf\":{\"@id\":\"https:\/\/lecloud.tina-conseil.com\/#website\"},\"datePublished\":\"2024-05-07T21:12:02+00:00\",\"dateModified\":\"2024-05-07T21:13:35+00:00\",\"breadcrumb\":{\"@id\":\"https:\/\/lecloud.tina-conseil.com\/?page_id=761#breadcrumb\"},\"inLanguage\":\"fr-FR\",\"potentialAction\":[{\"@type\":\"ReadAction\",\"target\":[\"https:\/\/lecloud.tina-conseil.com\/?page_id=761\"]}]},{\"@type\":\"BreadcrumbList\",\"@id\":\"https:\/\/lecloud.tina-conseil.com\/?page_id=761#breadcrumb\",\"itemListElement\":[{\"@type\":\"ListItem\",\"position\":1,\"name\":\"Accueil\",\"item\":\"https:\/\/lecloud.tina-conseil.com\/\"},{\"@type\":\"ListItem\",\"position\":2,\"name\":\"Essai gratuit TINA Training\"}]},{\"@type\":\"WebSite\",\"@id\":\"https:\/\/lecloud.tina-conseil.com\/#website\",\"url\":\"https:\/\/lecloud.tina-conseil.com\/\",\"name\":\"TINA Cloud\",\"description\":\"\",\"publisher\":{\"@id\":\"https:\/\/lecloud.tina-conseil.com\/#organization\"},\"potentialAction\":[{\"@type\":\"SearchAction\",\"target\":{\"@type\":\"EntryPoint\",\"urlTemplate\":\"https:\/\/lecloud.tina-conseil.com\/?s={search_term_string}\"},\"query-input\":\"required name=search_term_string\"}],\"inLanguage\":\"fr-FR\"},{\"@type\":\"Organization\",\"@id\":\"https:\/\/lecloud.tina-conseil.com\/#organization\",\"name\":\"TINA Cloud\",\"url\":\"https:\/\/lecloud.tina-conseil.com\/\",\"logo\":{\"@type\":\"ImageObject\",\"inLanguage\":\"fr-FR\",\"@id\":\"https:\/\/lecloud.tina-conseil.com\/#\/schema\/logo\/image\/\",\"url\":\"https:\/\/lecloud.tina-conseil.com\/wp-content\/uploads\/2023\/10\/Icone-removebg-preview-1.png\",\"contentUrl\":\"https:\/\/lecloud.tina-conseil.com\/wp-content\/uploads\/2023\/10\/Icone-removebg-preview-1.png\",\"width\":482,\"height\":517,\"caption\":\"TINA Cloud\"},\"image\":{\"@id\":\"https:\/\/lecloud.tina-conseil.com\/#\/schema\/logo\/image\/\"}}]}<\/script>\n<!-- \/ Yoast SEO plugin. -->","yoast_head_json":{"title":"Essai gratuit TINA Training - TINA Cloud","robots":{"index":"index","follow":"follow","max-snippet":"max-snippet:-1","max-image-preview":"max-image-preview:large","max-video-preview":"max-video-preview:-1"},"canonical":"https:\/\/lecloud.tina-conseil.com\/?page_id=761","og_locale":"fr_FR","og_type":"article","og_title":"Essai gratuit TINA Training - TINA Cloud","og_description":"Tester TINA Training gratuitement Remplissez le formulaire ci-dessous pour que notre service commercial ou notre support r\u00e9ponde \u00e0 vos besoins. Les donn\u00e9es recueillies via ce formulaire sont trait\u00e9es par TINA afin de r\u00e9pondre \u00e0 votre demande. En savoir plus Contacter le support Pour toute question relative au service client ou \u00e0 l&rsquo;assistance produit, veuillez nous [&hellip;]","og_url":"https:\/\/lecloud.tina-conseil.com\/?page_id=761","og_site_name":"TINA Cloud","article_modified_time":"2024-05-07T21:13:35+00:00","og_image":[{"url":"https:\/\/lecloud.tina-conseil.com\/wp-content\/uploads\/2024\/04\/2895919-1024x1024.jpg"}],"twitter_card":"summary_large_image","twitter_misc":{"Dur\u00e9e de lecture estim\u00e9e":"1 minute"},"schema":{"@context":"https:\/\/schema.org","@graph":[{"@type":"WebPage","@id":"https:\/\/lecloud.tina-conseil.com\/?page_id=761","url":"https:\/\/lecloud.tina-conseil.com\/?page_id=761","name":"Essai gratuit TINA Training - TINA Cloud","isPartOf":{"@id":"https:\/\/lecloud.tina-conseil.com\/#website"},"datePublished":"2024-05-07T21:12:02+00:00","dateModified":"2024-05-07T21:13:35+00:00","breadcrumb":{"@id":"https:\/\/lecloud.tina-conseil.com\/?page_id=761#breadcrumb"},"inLanguage":"fr-FR","potentialAction":[{"@type":"ReadAction","target":["https:\/\/lecloud.tina-conseil.com\/?page_id=761"]}]},{"@type":"BreadcrumbList","@id":"https:\/\/lecloud.tina-conseil.com\/?page_id=761#breadcrumb","itemListElement":[{"@type":"ListItem","position":1,"name":"Accueil","item":"https:\/\/lecloud.tina-conseil.com\/"},{"@type":"ListItem","position":2,"name":"Essai gratuit TINA Training"}]},{"@type":"WebSite","@id":"https:\/\/lecloud.tina-conseil.com\/#website","url":"https:\/\/lecloud.tina-conseil.com\/","name":"TINA Cloud","description":"","publisher":{"@id":"https:\/\/lecloud.tina-conseil.com\/#organization"},"potentialAction":[{"@type":"SearchAction","target":{"@type":"EntryPoint","urlTemplate":"https:\/\/lecloud.tina-conseil.com\/?s={search_term_string}"},"query-input":"required name=search_term_string"}],"inLanguage":"fr-FR"},{"@type":"Organization","@id":"https:\/\/lecloud.tina-conseil.com\/#organization","name":"TINA Cloud","url":"https:\/\/lecloud.tina-conseil.com\/","logo":{"@type":"ImageObject","inLanguage":"fr-FR","@id":"https:\/\/lecloud.tina-conseil.com\/#\/schema\/logo\/image\/","url":"https:\/\/lecloud.tina-conseil.com\/wp-content\/uploads\/2023\/10\/Icone-removebg-preview-1.png","contentUrl":"https:\/\/lecloud.tina-conseil.com\/wp-content\/uploads\/2023\/10\/Icone-removebg-preview-1.png","width":482,"height":517,"caption":"TINA Cloud"},"image":{"@id":"https:\/\/lecloud.tina-conseil.com\/#\/schema\/logo\/image\/"}}]}},"_links":{"self":[{"href":"https:\/\/lecloud.tina-conseil.com\/index.php?rest_route=\/wp\/v2\/pages\/761","targetHints":{"allow":["GET"]}}],"collection":[{"href":"https:\/\/lecloud.tina-conseil.com\/index.php?rest_route=\/wp\/v2\/pages"}],"about":[{"href":"https:\/\/lecloud.tina-conseil.com\/index.php?rest_route=\/wp\/v2\/types\/page"}],"author":[{"embeddable":true,"href":"https:\/\/lecloud.tina-conseil.com\/index.php?rest_route=\/wp\/v2\/users\/2"}],"replies":[{"embeddable":true,"href":"https:\/\/lecloud.tina-conseil.com\/index.php?rest_route=%2Fwp%2Fv2%2Fcomments&post=761"}],"version-history":[{"count":7,"href":"https:\/\/lecloud.tina-conseil.com\/index.php?rest_route=\/wp\/v2\/pages\/761\/revisions"}],"predecessor-version":[{"id":769,"href":"https:\/\/lecloud.tina-conseil.com\/index.php?rest_route=\/wp\/v2\/pages\/761\/revisions\/769"}],"wp:attachment":[{"href":"https:\/\/lecloud.tina-conseil.com\/index.php?rest_route=%2Fwp%2Fv2%2Fmedia&parent=761"}],"curies":[{"name":"wp","href":"https:\/\/api.w.org\/{rel}","templated":true}]}}